{"id":136,"date":"2017-01-13T18:19:13","date_gmt":"2017-01-13T17:19:13","guid":{"rendered":"http:\/\/www.servus-pinoy.at\/?page_id=136"},"modified":"2017-06-17T11:50:53","modified_gmt":"2017-06-17T10:50:53","slug":"sali-na-mach-mit","status":"publish","type":"page","link":"https:\/\/www.servus-pinoy.at\/?page_id=136","title":{"rendered":"Sali na! Mach mit!"},"content":{"rendered":"<p>Wir laden alle Interessenten ein, bei diesem Projekt teilzunehmen. Da es aber bei jedem Zusammentreffen mehrerer Personen meist einiger Regeln bedarf, so gibt es an dieser Stelle ein paar grunds\u00e4tzliche Informationen und ein paar Richtlinien, an die sich alle halten m\u00fcssen:<\/p>\n<h2>Was und wer ist <em>&#8222;SP!&#8220;<\/em> ?<\/h2>\n<p><strong>Herausgeber<\/strong><\/p>\n<p>Das E-Magazin <em>&#8222;Servus Pinoy!&#8220;<\/em> (<em>&#8222;SP!&#8220;<\/em>) und dessen Printausgabe wird vom Verein &#8222;Zentrum f\u00fcr \u00f6sterreichische und philippinische Kultur und Sprache&#8220; betreut und herausgegeben. Die\u00a0 Verantwortung f\u00fcr den redaktionellen Inhalt im Rahmen der nachfolgenden Prinzipien und des Impressums \u00fcbernehmen Arlene Casta\u00f1eda und Christian Namiss.<\/p>\n<p><strong>Zweck und Bestimmung<\/strong><\/p>\n<p><em>&#8222;SP!&#8220;<\/em> ist ein Magazin von Menschen f\u00fcr Menschen. Es sind Erz\u00e4hlungen aus pers\u00f6nlichen Erfahrungen der Autorinnen und Autoren, ihre Gedanken und Gef\u00fchle in Bezug auf deren Leben in \u00d6sterreich und in der philippinischen Gemeinschaft und widerspiegeln allein nur ihre Ansichten und nicht jene des Redaktionsteams bzw. Herausgebers.<\/p>\n<p><em>&#8222;SP!&#8220;<\/em> widmet sich dem Zusammenleben der Menschen in diesem Umkreis, deren pers\u00f6nlichen Sicht auf die Eigenarten der jeweiligen anderen Gemeinschaft. <em>&#8222;SP!&#8220;<\/em> m\u00f6chte die Zusammenh\u00e4nge und Unterschiede zwischen der Kulturen der Philippinen und \u00d6sterreichs aus der Sicht der hier lebenden Menschen reflektieren. Der Einflu\u00df der philippinischen Gemeinschaft auf die \u00f6sterreichische Gesellschaft soll ebenso beleuchtet werden, wie das Leben der Einzelnen darin. Die gelungene Integration der philippinischen Migranten soll am Beispiel Einzelner und der zahlreichen Vereinen portr\u00e4tiert werden.<\/p>\n<p><em>&#8222;SP!&#8220;<\/em> ist dadurch kein klassisches Nachrichten- oder Lifestylemagazin, sondern sieht sich als weiteres Sprachrohr der Mitglieder der philippinischen Gemeinschaft in \u00d6sterreich und deren \u00f6sterreichischen Freunde. F\u00fcr <em>&#8222;SP!&#8220;<\/em> besteht aus diesem Grund kein Anspruch auf die Vollst\u00e4ndigkeit der Themen.<\/p>\n<p>Die Autoren sind daher einfache Mitglieder der philippinischen Gemeinschaft und deren Freunde mit oder ohne journalistischen oder schriftstellerischen Hintergrund.<\/p>\n<h2><strong>Richtlinien<\/strong><\/h2>\n<h4><strong>Grunds\u00e4tzliches<\/strong><\/h4>\n<p>Auch wenn die Autorinnen und Autoren nicht einen journalistischen Hintergrund und eine diesbez\u00fcgliche Ausbildung haben m\u00fcssen, so verpflichtet sich <em>&#8222;SP!&#8220;<\/em> die Grunds\u00e4tze f\u00fcr die publizistische Arbeit (&#8222;<a href=\"http:\/\/www.zentrum-oep.at\/blog\/wp-content\/uploads\/2015\/03\/grundsaetze_fuer_die_publizistische_arbeit_ehrenkodex_fuer_die_oesterreichische_presse_idf_vom_02.12.2013.pdf\" target=\"_blank\" rel=\"noopener\"><strong>Ehrenkodex f\u00fcr die \u00f6sterreichische Presse<\/strong><\/a>&#8222;) des \u00f6sterreichischen Presserates in der Version vom 02.12.2013 anzuwenden. Die Mitarbeit bei <em>&#8222;SP!&#8220;<\/em> ist ehrenamtlich und damit unentgeltlich.<\/p>\n<p>Zus\u00e4tzlich dazu verpflichten sich die Autorinnen und Autoren, <em>&#8222;SP!&#8220;<\/em><\/p>\n<ul>\n<li>nicht f\u00fcr den Zweck der Erreichung pers\u00f6nlicher Ziele zu verwenden,<\/li>\n<li>f\u00fcr keinerlei Zwecke zu nutzen, die sowohl dem philippinischen oder \u00f6sterreichischen Staat als auch dem Herausgeber\u00a0sch\u00e4digen k\u00f6nnte &#8211; konstruktive Kritik ist jedoch erw\u00fcnscht,<\/li>\n<li>die Arbeit und die Entscheidungen des <em>&#8222;SP!&#8220;<\/em>-Redaktionsteams zu akzeptieren.<\/li>\n<\/ul>\n<h4><strong>Sprache der Beitr\u00e4ge<\/strong><\/h4>\n<p><em>&#8222;SP!&#8220;<\/em> ist ein mehrsprachiges Magazin. Die vorgegebenen Sprachen sind Deutsch, Englisch und Filipino (Tagalog). Auf Wunsch kann eine kurze englische Zusammenfassung erstellt werden.<\/p>\n<h4><strong>Urheberrecht der Beitr\u00e4ge<br \/>\n<\/strong><\/h4>\n<p><em>&#8222;SP!&#8220;<\/em> und dessen Autorinnen und Autoren<\/p>\n<h4><strong>Plagiarismus<br \/>\n<\/strong><\/h4>\n<p>Zus\u00e4tzlich zu dem &#8222;Ehrenkodex f\u00fcr die \u00f6sterreichische Presse&#8220; lehnt <em>&#8222;SP!&#8220;<\/em> Plagiate grunds\u00e4tzlich ab. Sollte ein Leser oder eine Leserin ein Plagiat erkennen, so bitten wir sie, uns unverz\u00fcglich zu informieren, damit wir den Sachverhalt \u00fcberpr\u00fcfen und das Plagiat gegebenenfalls sofort beseitigen k\u00f6nnen.<\/p>\n<h4><strong>Redaktionsteam<\/strong><\/h4>\n<p>Das Redaktionsteam besteht aus:<\/p>\n<ul>\n<li>Arlene Casta\u00f1eda und Christian Namiss als Verantwortliche f\u00fcr den redaktionellen Inhalt<\/li>\n<li>Mae Cayir, Alexander Friedrich, Dr. Bianca Weninger, Mag. Philip Weninger<\/li>\n<\/ul>\n<p>Die Aufgaben des Redaktionsteams besteht aus:<\/p>\n<ul>\n<li>Sichtung, Auswahl und grammatikalische Korrektur der eingesandten Beitr\u00e4ge,<\/li>\n<li>Vorgabe der zuk\u00fcnftigen Themen gem\u00e4\u00df der gew\u00e4hlten <a href=\"http:\/\/www.zentrum-oep.at\/blog\/?p=708\"><strong>Kategorien<\/strong><\/a>,<\/li>\n<li>Entscheidung \u00fcber Layout des E-Magazin und des Printmediums,<\/li>\n<li>Ver\u00f6ffentlichung der Beitr\u00e4ge im E-Magazin,<\/li>\n<li>Beauftragung der Ver\u00f6ffentlichtlichung der Printausgabe,<\/li>\n<li>Aquirierung von Werbe- und F\u00f6rdermitteln,<\/li>\n<li>&#8230;<\/li>\n<\/ul>\n","protected":false},"excerpt":{"rendered":"<p>Wir laden alle Interessenten ein, bei diesem Projekt teilzunehmen. Da es aber bei jedem Zusammentreffen mehrerer Personen meist einiger Regeln bedarf, so gibt es an&#8230;<\/p>\n","protected":false},"author":3,"featured_media":0,"parent":0,"menu_order":0,"comment_status":"closed","ping_status":"closed","template":"","meta":{"footnotes":""},"class_list":["post-136","page","type-page","status-publish","hentry"],"_links":{"self":[{"href":"https:\/\/www.servus-pinoy.at\/index.php?rest_route=\/wp\/v2\/pages\/136","targetHints":{"allow":["GET"]}}],"collection":[{"href":"https:\/\/www.servus-pinoy.at\/index.php?rest_route=\/wp\/v2\/pages"}],"about":[{"href":"https:\/\/www.servus-pinoy.at\/index.php?rest_route=\/wp\/v2\/types\/page"}],"author":[{"embeddable":true,"href":"https:\/\/www.servus-pinoy.at\/index.php?rest_route=\/wp\/v2\/users\/3"}],"replies":[{"embeddable":true,"href":"https:\/\/www.servus-pinoy.at\/index.php?rest_route=%2Fwp%2Fv2%2Fcomments&post=136"}],"version-history":[{"count":20,"href":"https:\/\/www.servus-pinoy.at\/index.php?rest_route=\/wp\/v2\/pages\/136\/revisions"}],"predecessor-version":[{"id":393,"href":"https:\/\/www.servus-pinoy.at\/index.php?rest_route=\/wp\/v2\/pages\/136\/revisions\/393"}],"wp:attachment":[{"href":"https:\/\/www.servus-pinoy.at\/index.php?rest_route=%2Fwp%2Fv2%2Fmedia&parent=136"}],"curies":[{"name":"wp","href":"https:\/\/api.w.org\/{rel}","templated":true}]}}