{"id":29,"date":"2015-02-27T20:36:42","date_gmt":"2015-02-27T20:36:42","guid":{"rendered":"http:\/\/www.servus-pinoy.at\/?page_id=29"},"modified":"2017-06-17T10:18:43","modified_gmt":"2017-06-17T09:18:43","slug":"ueber-uns","status":"publish","type":"page","link":"https:\/\/www.servus-pinoy.at\/?page_id=29","title":{"rendered":"\u00dcber uns"},"content":{"rendered":"<p>Wir sind zur Zeit eine kleine Gruppe \u00d6sterreicher, Deutscher und Filipinos, welche die philippinische Community in Wien und deren Leben hier in \u00d6sterreich einmal von verschiedenen Blickwinkeln heraus pr\u00e4sentieren m\u00f6chten. Dabei steht nicht unbedingt die reine Information im Vordergrund, sondern oft eher die subjektive Wahrnehmung eines jeden Einzelnen der Autoren &#8211; dessen Erlebnisse, Gef\u00fchle und auch Probleme mit dem Leben innerhalb und au\u00dferhalb der Community, als auch dem Zusammenleben der Menschen aus verschiedenen Herkunftsl\u00e4ndern.<\/p>\n<p>Unter dem Dach und mit der Hilfe der Enthusiasten des Vereins &#8222;Zentrum f\u00fcr \u00f6sterreichische und philippinische Kultur und Sprache&#8220; (<a href=\"http:\/\/www.zentrum-oep.at\" target=\"_blank\" rel=\"noopener\">www.zentrum-oep.at<\/a>)\u00a0 fanden wir hier eine Plattform, um unabh\u00e4ngig von den einzelnen philippinischen Organisationen der kleinen Wiener Filipino-Welt ein weiteres Sprachrohr zu geben. Jeder Autorin oder jedem Autor wird hier die M\u00f6glichkeit gegeben, eigene Gedanken und Erlebnisse kundtun zu k\u00f6nnen, ohne hierf\u00fcr gleich eine eigene Webpr\u00e4senz aufbauen zu m\u00fcssen. Es wird daher auch nicht jeden Tag einen neuen Artikel geben, jedoch passiert oft genug etwas, wor\u00fcber es wert ist zu berichten&#8230;<\/p>\n<p>Wir sind sowohl Laien als auch erfahrene Schreiber &#8211; was uns jedoch vereint, ist der Wunsch mitzuteilen, was &#8222;Servus Pinoy!&#8220; f\u00fcr uns bedeutet&#8230;<\/p>\n","protected":false},"excerpt":{"rendered":"<p>Wir sind zur Zeit eine kleine Gruppe \u00d6sterreicher, Deutscher und Filipinos, welche die philippinische Community in Wien und deren Leben hier in \u00d6sterreich einmal von&#8230;<\/p>\n","protected":false},"author":3,"featured_media":0,"parent":0,"menu_order":0,"comment_status":"closed","ping_status":"closed","template":"","meta":{"footnotes":""},"class_list":["post-29","page","type-page","status-publish","hentry"],"_links":{"self":[{"href":"https:\/\/www.servus-pinoy.at\/index.php?rest_route=\/wp\/v2\/pages\/29","targetHints":{"allow":["GET"]}}],"collection":[{"href":"https:\/\/www.servus-pinoy.at\/index.php?rest_route=\/wp\/v2\/pages"}],"about":[{"href":"https:\/\/www.servus-pinoy.at\/index.php?rest_route=\/wp\/v2\/types\/page"}],"author":[{"embeddable":true,"href":"https:\/\/www.servus-pinoy.at\/index.php?rest_route=\/wp\/v2\/users\/3"}],"replies":[{"embeddable":true,"href":"https:\/\/www.servus-pinoy.at\/index.php?rest_route=%2Fwp%2Fv2%2Fcomments&post=29"}],"version-history":[{"count":9,"href":"https:\/\/www.servus-pinoy.at\/index.php?rest_route=\/wp\/v2\/pages\/29\/revisions"}],"predecessor-version":[{"id":387,"href":"https:\/\/www.servus-pinoy.at\/index.php?rest_route=\/wp\/v2\/pages\/29\/revisions\/387"}],"wp:attachment":[{"href":"https:\/\/www.servus-pinoy.at\/index.php?rest_route=%2Fwp%2Fv2%2Fmedia&parent=29"}],"curies":[{"name":"wp","href":"https:\/\/api.w.org\/{rel}","templated":true}]}}