{"id":315,"date":"2017-01-28T14:40:28","date_gmt":"2017-01-28T13:40:28","guid":{"rendered":"http:\/\/www.servus-pinoy.at\/?page_id=315"},"modified":"2017-01-28T15:13:43","modified_gmt":"2017-01-28T14:13:43","slug":"donations","status":"publish","type":"page","link":"https:\/\/www.servus-pinoy.at\/?page_id=315","title":{"rendered":"Spenden"},"content":{"rendered":"<p>&#8222;SP!&#8220; ist ein E-Magazin auf ehrenamtlicher Basis. Um dies weiter zu verwirklichen brauchen wir finanzielle Unterst\u00fctzung. Als Sponsor oder Spender zum Beispiel f\u00fcr Werbungskosten, Hostinggeb\u00fchren, Ausgaben f\u00fcr die Printausgabe bieten wir Werbung auf unseren Brosch\u00fcren und Webseiten an.<\/p>\n<p>Hier an dieser Stelle m\u00f6chten wir uns bei unseren Unterst\u00fctzern recht herzlich bedanken.<\/p>\n<h2>Maraming salamat po!<\/h2>\n<div id=\"attachment_316\" style=\"width: 160px\" class=\"wp-caption alignleft\"><a href=\"http:\/\/www.zentrum-oep.at\"><img loading=\"lazy\" decoding=\"async\" aria-describedby=\"caption-attachment-316\" class=\"wp-image-316 size-thumbnail\" src=\"http:\/\/www.servus-pinoy.at\/wp-content\/uploads\/2017\/01\/zentrum_logo2-150x150.png\" alt=\"Logo Sentro\" width=\"150\" height=\"150\" \/><\/a><p id=\"caption-attachment-316\" class=\"wp-caption-text\"><em>www.zentrum-oep.at<\/em><\/p><\/div>\n","protected":false},"excerpt":{"rendered":"<p>&#8222;SP!&#8220; ist ein E-Magazin auf ehrenamtlicher Basis. Um dies weiter zu verwirklichen brauchen wir finanzielle Unterst\u00fctzung. Als Sponsor oder Spender zum Beispiel f\u00fcr Werbungskosten, Hostinggeb\u00fchren,&#8230;<\/p>\n","protected":false},"author":3,"featured_media":0,"parent":0,"menu_order":0,"comment_status":"closed","ping_status":"closed","template":"","meta":{"footnotes":""},"class_list":["post-315","page","type-page","status-publish","hentry"],"_links":{"self":[{"href":"https:\/\/www.servus-pinoy.at\/index.php?rest_route=\/wp\/v2\/pages\/315","targetHints":{"allow":["GET"]}}],"collection":[{"href":"https:\/\/www.servus-pinoy.at\/index.php?rest_route=\/wp\/v2\/pages"}],"about":[{"href":"https:\/\/www.servus-pinoy.at\/index.php?rest_route=\/wp\/v2\/types\/page"}],"author":[{"embeddable":true,"href":"https:\/\/www.servus-pinoy.at\/index.php?rest_route=\/wp\/v2\/users\/3"}],"replies":[{"embeddable":true,"href":"https:\/\/www.servus-pinoy.at\/index.php?rest_route=%2Fwp%2Fv2%2Fcomments&post=315"}],"version-history":[{"count":2,"href":"https:\/\/www.servus-pinoy.at\/index.php?rest_route=\/wp\/v2\/pages\/315\/revisions"}],"predecessor-version":[{"id":327,"href":"https:\/\/www.servus-pinoy.at\/index.php?rest_route=\/wp\/v2\/pages\/315\/revisions\/327"}],"wp:attachment":[{"href":"https:\/\/www.servus-pinoy.at\/index.php?rest_route=%2Fwp%2Fv2%2Fmedia&parent=315"}],"curies":[{"name":"wp","href":"https:\/\/api.w.org\/{rel}","templated":true}]}}