{"id":36,"date":"2015-02-27T21:03:27","date_gmt":"2015-02-27T21:03:27","guid":{"rendered":"http:\/\/www.servus-pinoy.at\/?page_id=36"},"modified":"2017-06-17T10:19:54","modified_gmt":"2017-06-17T09:19:54","slug":"nice-to-know","status":"publish","type":"page","link":"https:\/\/www.servus-pinoy.at\/?page_id=36","title":{"rendered":"Nice to know"},"content":{"rendered":"<p>&#8230; oder was ist das alles&#8230;? Ein klitze kleines Sammelsurium an philippinischen Eigenarten (ohne Anspruch auf Vollst\u00e4ndigkeit):<\/p>\n<h3>Barrio Fiesta<\/h3>\n<p>&#8230;ist DAS Volksfest der philippinischen Community, welches jedes Jahr im Sommer stattfindet. Zu diesem &#8222;Dorffest&#8220; (Barrio, span. die &#8222;Nachbarschaft&#8220;) kommen die Filipinos und Filipinas aus allen Teilen \u00d6sterreichs und auch aus dem Ausland zusammen und feiern unter der Schirmherrschaft der Botschaft der Philippinen in \u00d6sterreich ein rauschendes Fest drau\u00dfen im Freien mit St\u00e4nden, einem Kulturprogramm, einer Parade, viel Essen und viel Spa\u00df&#8230;<\/p>\n<p>&nbsp;<\/p>\n","protected":false},"excerpt":{"rendered":"<p>&#8230; oder was ist das alles&#8230;? Ein klitze kleines Sammelsurium an philippinischen Eigenarten (ohne Anspruch auf Vollst\u00e4ndigkeit): Barrio Fiesta &#8230;ist DAS Volksfest der philippinischen Community,&#8230;<\/p>\n","protected":false},"author":3,"featured_media":0,"parent":0,"menu_order":0,"comment_status":"closed","ping_status":"closed","template":"","meta":{"footnotes":""},"class_list":["post-36","page","type-page","status-publish","hentry"],"_links":{"self":[{"href":"https:\/\/www.servus-pinoy.at\/index.php?rest_route=\/wp\/v2\/pages\/36","targetHints":{"allow":["GET"]}}],"collection":[{"href":"https:\/\/www.servus-pinoy.at\/index.php?rest_route=\/wp\/v2\/pages"}],"about":[{"href":"https:\/\/www.servus-pinoy.at\/index.php?rest_route=\/wp\/v2\/types\/page"}],"author":[{"embeddable":true,"href":"https:\/\/www.servus-pinoy.at\/index.php?rest_route=\/wp\/v2\/users\/3"}],"replies":[{"embeddable":true,"href":"https:\/\/www.servus-pinoy.at\/index.php?rest_route=%2Fwp%2Fv2%2Fcomments&post=36"}],"version-history":[{"count":1,"href":"https:\/\/www.servus-pinoy.at\/index.php?rest_route=\/wp\/v2\/pages\/36\/revisions"}],"predecessor-version":[{"id":37,"href":"https:\/\/www.servus-pinoy.at\/index.php?rest_route=\/wp\/v2\/pages\/36\/revisions\/37"}],"wp:attachment":[{"href":"https:\/\/www.servus-pinoy.at\/index.php?rest_route=%2Fwp%2Fv2%2Fmedia&parent=36"}],"curies":[{"name":"wp","href":"https:\/\/api.w.org\/{rel}","templated":true}]}}